{"id":806,"date":"2017-08-01T12:13:18","date_gmt":"2017-08-01T12:13:18","guid":{"rendered":"https:\/\/argesaglik.com.tr\/contact\/"},"modified":"2025-02-27T14:48:24","modified_gmt":"2025-02-27T14:48:24","slug":"iletisim","status":"publish","type":"page","link":"https:\/\/argesaglik.com.tr\/en\/iletisim\/","title":{"rendered":"Contact"},"content":{"rendered":"<h1>\n\t\t\t\tContact\n\t\t\t<\/h1>\n\t<div class=\"ast-breadcrumbs-wrapper\">\n\t\t\t<div class=\"ast-breadcrumbs-inner\"><nav role=\"navigation\" aria-label=\"Breadcrumbs\" class=\"breadcrumb-trail breadcrumbs\" ><div class=\"ast-breadcrumbs\"><ul class=\"trail-items\" ><li  class=\"trail-item trail-end\"><span><a href=\"https:\/\/argesaglik.com.tr\/en\/\" rel=\"home\"><span >Home<\/span><\/a><\/span><\/li><\/ul><\/div><\/nav><\/div>\n\t\t<\/div>\n\t<iframe src=\"https:\/\/www.google.com\/maps\/embed?pb=!1m18!1m12!1m3!1d3184.3180938145742!2d37.321034311901414!3d37.04990225346716!2m3!1f0!2f0!3f0!3m2!1i1024!2i768!4f13.1!3m3!1m2!1s0x152e1dae656e274b%3A0x340231d6ce97d5e7!2zQXJnZSBTYcSfbMSxayDDnHLDvG5sZXJpIEfEsWRhIMSwbsWfYWF0IFRlbWl6bGlrIMSww6cgdmUgRMSxxZ8gVGljLiBMdGQuIMWedGku!5e0!3m2!1str!2str!4v1740667690357!5m2!1str!2str\" width=\"100%\" height=\"450\" allowfullscreen=\"\" loading=\"lazy\" referrerpolicy=\"no-referrer-when-downgrade\"><\/iframe>\n\t<ul>\n\t\t<li>\t\t\t\t\n\t\t<h3>Address<\/h3><p>15 Temmuz Mah. 148096. Sok No:14\/A <strong>\u015eEH\u0130TKAM\u0130L \/ GAZ\u0130ANTEP<\/strong><\/p><\/li><li>\t\t\t\t\n\t\t<h3>Telephone<\/h3><p>+90 342 502 33 81<br \/>+90 530 286 03 29<\/p><\/li><li>\t\t\n\t\t\t\t<img decoding=\"async\" src=\"https:\/\/argesaglik.com.tr\/wp-content\/uploads\/2023\/12\/4362938_whatsapp_logo_social-media_icon.png\" alt=\"4362938_whatsapp_logo_social media_icon\" title=\"4362938_whatsapp_logo_social media_icon\" itemprop=\"image\"\/>\n\t\t<h3>WhatsApp<\/h3><p>+90 530 286 03 29<\/p><\/li><li>\t\t\t\t\n\t\t<h3>Email<\/h3><p>info@argesaglik.com.tr<\/p><\/li>\t<\/ul>\n<h3>\n\t\tSosyal Medya&#8217;da Biz !\n\t<\/h3>\n\t\t\t\t<img loading=\"lazy\" decoding=\"async\" src=\"https:\/\/argesaglik.com.tr\/wp-content\/uploads\/2023\/12\/logo.webp\" alt=\"logo\" itemprop=\"image\" height=\"115\" width=\"600\" title=\"logo\" onerror=\"this.style.display='none'\"  \/>\n<h2>\n\t\tQuick Menu\n\t<\/h2>\n\t\t\t\t\t<ul id=\"menu-footer-hizli-menu\"><li id=\"menu-item-1069\"><a href=\"https:\/\/argesaglik.com.tr\/en\/\">Home<\/a><\/li>\n<li id=\"menu-item-1919\"><a href=\"https:\/\/argesaglik.com.tr\/en\/hakkimizda\/\">About Us<\/a><\/li>\n<li id=\"menu-item-2838\"><a href=\"https:\/\/argesaglik.com.tr\/en\/urun-gruplarimiz\/\">Product Groups<\/a><\/li>\n<li id=\"menu-item-1070\"><a href=\"https:\/\/argesaglik.com.tr\/en\/iletisim\/\">Contact<\/a><\/li>\n<li id=\"menu-item-2839\"><a href=\"https:\/\/argesaglik.com.tr\/en\/e-katalog\/\">E-Catalog<\/a><\/li>\n<\/ul>\t\n\t<h2>\n\t\tProducts\n\t<\/h2>\n\t\t\t\t\t<ul id=\"menu-urunler-menusu\"><li id=\"menu-item-3103\"><a href=\"https:\/\/argesaglik.com.tr\/en\/urun-gruplarimiz\/beyin-ve-sinir-cerrahisi\/\">Beyin ve Sinir Cerrahisi<\/a><\/li>\n<li id=\"menu-item-3102\"><a href=\"https:\/\/argesaglik.com.tr\/en\/urun-gruplarimiz\/beyin-ve-sinir-cerrahisi\/transpedikuler-fiskasyon-sistem\/\">Transpedik\u00fcler Fiskasyon Sistem<\/a><\/li>\n<li id=\"menu-item-3101\"><a href=\"https:\/\/argesaglik.com.tr\/en\/urun-gruplarimiz\/beyin-ve-sinir-cerrahisi\/kafes-cage-sistem\/\">Kafes Cage Sistem<\/a><\/li>\n<li id=\"menu-item-3100\"><a href=\"https:\/\/argesaglik.com.tr\/en\/urun-gruplarimiz\/uroloji\/\">\u00dcroloji<\/a><\/li>\n<li id=\"menu-item-3099\"><a href=\"https:\/\/argesaglik.com.tr\/en\/urun-gruplarimiz\/yogun-bakim\/\">Yo\u011fun Bak\u0131m<\/a><\/li>\n<\/ul>\t\n\t<h2>\n\t\tSosyal Medya\n\t<\/h2>","protected":false},"excerpt":{"rendered":"<p>Adres 15 Temmuz Mah. 148096. &hellip;<\/p>\n<p class=\"read-more\"> <a class=\"\" href=\"https:\/\/argesaglik.com.tr\/en\/iletisim\/\"> <span class=\"screen-reader-text\">Contact<\/span> Read More \u00bb<\/a><\/p>","protected":false},"author":1,"featured_media":0,"parent":0,"menu_order":0,"comment_status":"closed","ping_status":"closed","template":"","meta":{"_uag_custom_page_level_css":"","site-sidebar-layout":"no-sidebar","site-content-layout":"page-builder","ast-site-content-layout":"","site-content-style":"default","site-sidebar-style":"default","ast-global-header-display":"","ast-banner-title-visibility":"","ast-main-header-display":"","ast-hfb-above-header-display":"","ast-hfb-below-header-display":"","ast-hfb-mobile-header-display":"","site-post-title":"disabled","ast-breadcrumbs-content":"","ast-featured-img":"disabled","footer-sml-layout":"","theme-transparent-header-meta":"","adv-header-id-meta":"","stick-header-meta":"","header-above-stick-meta":"","header-main-stick-meta":"","header-below-stick-meta":"","astra-migrate-meta-layouts":"","footnotes":""},"class_list":["post-806","page","type-page","status-publish","hentry"],"uagb_featured_image_src":{"full":false,"thumbnail":false,"medium":false,"medium_large":false,"large":false,"1536x1536":false,"2048x2048":false,"trp-custom-language-flag":false},"uagb_author_info":{"display_name":"admin","author_link":"https:\/\/argesaglik.com.tr\/en\/author\/ibrahim_wgztrw7s\/"},"uagb_comment_info":0,"uagb_excerpt":"Adres 15 Temmuz Mah. 148096. &hellip; \u0130leti\u015fim Read More \u00bb","_links":{"self":[{"href":"https:\/\/argesaglik.com.tr\/en\/wp-json\/wp\/v2\/pages\/806","targetHints":{"allow":["GET"]}}],"collection":[{"href":"https:\/\/argesaglik.com.tr\/en\/wp-json\/wp\/v2\/pages"}],"about":[{"href":"https:\/\/argesaglik.com.tr\/en\/wp-json\/wp\/v2\/types\/page"}],"author":[{"embeddable":true,"href":"https:\/\/argesaglik.com.tr\/en\/wp-json\/wp\/v2\/users\/1"}],"replies":[{"embeddable":true,"href":"https:\/\/argesaglik.com.tr\/en\/wp-json\/wp\/v2\/comments?post=806"}],"version-history":[{"count":7,"href":"https:\/\/argesaglik.com.tr\/en\/wp-json\/wp\/v2\/pages\/806\/revisions"}],"predecessor-version":[{"id":3300,"href":"https:\/\/argesaglik.com.tr\/en\/wp-json\/wp\/v2\/pages\/806\/revisions\/3300"}],"wp:attachment":[{"href":"https:\/\/argesaglik.com.tr\/en\/wp-json\/wp\/v2\/media?parent=806"}],"curies":[{"name":"wp","href":"https:\/\/api.w.org\/{rel}","templated":true}]}}