{"id":7,"date":"2017-08-01T12:13:15","date_gmt":"2017-08-01T12:13:15","guid":{"rendered":"https:\/\/argesaglik.com.tr\/home\/"},"modified":"2023-12-11T15:09:51","modified_gmt":"2023-12-11T15:09:51","slug":"anasayfa","status":"publish","type":"page","link":"https:\/\/argesaglik.com.tr\/en\/","title":{"rendered":"Home"},"content":{"rendered":"<img loading=\"lazy\" decoding=\"async\" src=\"https:\/\/argesaglik.com.tr\/wp-content\/uploads\/2023\/12\/arge_medikal_about.png\" alt=\"arge_medikal_about\" itemprop=\"image\" height=\"1000\" width=\"1000\" title=\"arge_medikal_about\" onerror=\"this.style.display='none'\"  \/>\n\t<h2>\n\t\t\t\tKATEGOR\u0130LER\n\t\t\t<\/h2>\n\t\t<p><strong>ARGE Sa\u011fl\u0131k<\/strong> \u00dcr\u00fcnleri G\u0131da \u0130n\u015faat Taahh\u00fct \u0130\u00e7 ve D\u0131\u015f Ticaret Limited \u015eirketi, 2013 y\u0131l\u0131nda kurulmu\u015ftur. Firma, beyin cerrahisi, \u00fcroloji, yo\u011fun bak\u0131m, TPN ve kemoterapi alanlar\u0131nda uzmanla\u015farak hastanelere \u00e7e\u015fitli t\u0131bbi sarf malzemeleri ve cihaz gruplar\u0131 sunmaktad\u0131r. Bu kapsamda, ameliyathane ekipmanlar\u0131ndan algolojiye kadar geni\u015f bir yelpazede hizmet vermektedir. <strong>ARGE Medikal<\/strong>, kaliteli \u00fcr\u00fcnleri ve profesyonel hizmet anlay\u0131\u015f\u0131yla sa\u011fl\u0131k sekt\u00f6r\u00fcne katk\u0131da bulunmaktad\u0131r. Firmam\u0131z, m\u00fc\u015fteri memnuniyetini \u00f6n planda tutarak sa\u011fl\u0131k kurumlar\u0131n\u0131n ihtiya\u00e7lar\u0131na \u00e7\u00f6z\u00fcm odakl\u0131 yakla\u015fmaktad\u0131r.<\/p>\t\n\t\t\t<a href=\"https:\/\/argesaglik.com.tr\/en\/hakkimizda\/\" target=\"_self\" role=\"button\" rel=\"noopener\">\n\t\t\t\t\t\t\tDAHA FAZLA\n\t\t<\/a>\n\t<h2>\n\t\t\t\tB\u0130Z\u0130 TANIYIN\n\t\t\t<\/h2>\n\t<h5>\n\t\t\t\tGeni\u015f \u00dcr\u00fcn Yelpazesi\n\t\t\t<\/h5>\n\t\t<p>ARGE Sa\u011fl\u0131k, beyin cerrahisi, \u00fcroloji, yo\u011fun bak\u0131m, TPN ve kemoterapi alanlar\u0131nda uzmanla\u015fm\u0131\u015f, hastanelere \u00e7e\u015fitli t\u0131bbi sarf malzemeleri ve cihaz gruplar\u0131 sunan geni\u015f bir \u00fcr\u00fcn yelpazesine sahiptir.<\/p>\t\n\t<h5>\n\t\t\t\tProfesyonel Hizmet Anlay\u0131\u015f\u0131\n\t\t\t<\/h5>\n\t\t<p>Firma, m\u00fc\u015fteri memnuniyetini \u00f6n planda tutarak profesyonel hizmet anlay\u0131\u015f\u0131yla sa\u011fl\u0131k sekt\u00f6r\u00fcne katk\u0131da bulunmaktad\u0131r. Sa\u011fl\u0131k kurumlar\u0131n\u0131n ihtiya\u00e7lar\u0131na \u00e7\u00f6z\u00fcm odakl\u0131 yakla\u015f\u0131m\u0131, m\u00fc\u015fterilerle sa\u011flam bir i\u015fbirli\u011fi kurmalar\u0131n\u0131 sa\u011flamaktad\u0131r.<\/p>\t\n\t<h5>\n\t\t\t\tKalite ve G\u00fcvenilirlik\n\t\t\t<\/h5>\n\t\t<p>ARGE Sa\u011fl\u0131k, kaliteli \u00fcr\u00fcnleriyle tan\u0131nan ve g\u00fcvenilir bir firma olarak \u00f6ne \u00e7\u0131kmaktad\u0131r. Sa\u011fl\u0131k sekt\u00f6r\u00fcnde g\u00fcvenilir bir ortak olarak, m\u00fc\u015fterilere kaliteli \u00fcr\u00fcnleriyle uzun vadeli i\u015f ili\u015fkileri kurma imkan\u0131 sunmaktad\u0131r.<\/p>\t\n\t<h2>\n\t\t\t\tREFERANSLARIMIZ\n\t\t\t<\/h2>\n\t\t\t\t<img loading=\"lazy\" decoding=\"async\" src=\"https:\/\/argesaglik.com.tr\/wp-content\/uploads\/2023\/12\/logo.webp\" alt=\"logo\" itemprop=\"image\" height=\"115\" width=\"600\" title=\"logo\" onerror=\"this.style.display='none'\"  \/>\n<h2>\n\t\tQuick Menu\n\t<\/h2>\n\t\t\t\t\t<ul id=\"menu-footer-hizli-menu\"><li id=\"menu-item-1069\"><a href=\"https:\/\/argesaglik.com.tr\/en\/\">Home<\/a><\/li>\n<li id=\"menu-item-1919\"><a href=\"https:\/\/argesaglik.com.tr\/en\/hakkimizda\/\">About Us<\/a><\/li>\n<li id=\"menu-item-2838\"><a href=\"https:\/\/argesaglik.com.tr\/en\/urun-gruplarimiz\/\">Product Groups<\/a><\/li>\n<li id=\"menu-item-1070\"><a href=\"https:\/\/argesaglik.com.tr\/en\/iletisim\/\">Contact<\/a><\/li>\n<li id=\"menu-item-2839\"><a href=\"https:\/\/argesaglik.com.tr\/en\/e-katalog\/\">E-Catalog<\/a><\/li>\n<\/ul>\t\n\t<h2>\n\t\tProducts\n\t<\/h2>\n\t\t\t\t\t<ul id=\"menu-urunler-menusu\"><li id=\"menu-item-3103\"><a href=\"https:\/\/argesaglik.com.tr\/en\/urun-gruplarimiz\/beyin-ve-sinir-cerrahisi\/\">Beyin ve Sinir Cerrahisi<\/a><\/li>\n<li id=\"menu-item-3102\"><a href=\"https:\/\/argesaglik.com.tr\/en\/urun-gruplarimiz\/transpedikuler-fiskasyon-sistem\/\">Transpedik\u00fcler Fiskasyon Sistem<\/a><\/li>\n<li id=\"menu-item-3101\"><a href=\"https:\/\/argesaglik.com.tr\/en\/urun-gruplarimiz\/kafes-cage-sistem\/\">Kafes Cage Sistem<\/a><\/li>\n<li id=\"menu-item-3100\"><a href=\"https:\/\/argesaglik.com.tr\/en\/urun-gruplarimiz\/uroloji\/\">\u00dcroloji<\/a><\/li>\n<li id=\"menu-item-3099\"><a href=\"https:\/\/argesaglik.com.tr\/en\/urun-gruplarimiz\/yogun-bakim\/\">Yo\u011fun Bak\u0131m<\/a><\/li>\n<\/ul>\t\n\t<h2>\n\t\tSosyal Medya\n\t<\/h2>","protected":false},"excerpt":{"rendered":"<p>KATEGOR\u0130LER ARGE Sa\u011fl\u0131k \u00dcr\u00fcnleri G\u0131da &hellip;<\/p>\n<p class=\"read-more\"> <a class=\"\" href=\"https:\/\/argesaglik.com.tr\/en\/\"> <span class=\"screen-reader-text\">Home<\/span> Read More \u00bb<\/a><\/p>","protected":false},"author":1,"featured_media":0,"parent":0,"menu_order":0,"comment_status":"closed","ping_status":"closed","template":"","meta":{"_uag_custom_page_level_css":"","site-sidebar-layout":"no-sidebar","site-content-layout":"page-builder","ast-site-content-layout":"","site-content-style":"default","site-sidebar-style":"default","ast-global-header-display":"","ast-banner-title-visibility":"","ast-main-header-display":"","ast-hfb-above-header-display":"","ast-hfb-below-header-display":"","ast-hfb-mobile-header-display":"","site-post-title":"disabled","ast-breadcrumbs-content":"","ast-featured-img":"disabled","footer-sml-layout":"","theme-transparent-header-meta":"","adv-header-id-meta":"","stick-header-meta":"","header-above-stick-meta":"","header-main-stick-meta":"","header-below-stick-meta":"","astra-migrate-meta-layouts":"","footnotes":""},"class_list":["post-7","page","type-page","status-publish","hentry"],"uagb_featured_image_src":{"full":false,"thumbnail":false,"medium":false,"medium_large":false,"large":false,"1536x1536":false,"2048x2048":false,"trp-custom-language-flag":false},"uagb_author_info":{"display_name":"admin","author_link":"https:\/\/argesaglik.com.tr\/en\/author\/ibrahim_wgztrw7s\/"},"uagb_comment_info":0,"uagb_excerpt":"KATEGOR\u0130LER ARGE Sa\u011fl\u0131k \u00dcr\u00fcnleri G\u0131da &hellip; Anasayfa Read More \u00bb","_links":{"self":[{"href":"https:\/\/argesaglik.com.tr\/en\/wp-json\/wp\/v2\/pages\/7","targetHints":{"allow":["GET"]}}],"collection":[{"href":"https:\/\/argesaglik.com.tr\/en\/wp-json\/wp\/v2\/pages"}],"about":[{"href":"https:\/\/argesaglik.com.tr\/en\/wp-json\/wp\/v2\/types\/page"}],"author":[{"embeddable":true,"href":"https:\/\/argesaglik.com.tr\/en\/wp-json\/wp\/v2\/users\/1"}],"replies":[{"embeddable":true,"href":"https:\/\/argesaglik.com.tr\/en\/wp-json\/wp\/v2\/comments?post=7"}],"version-history":[{"count":33,"href":"https:\/\/argesaglik.com.tr\/en\/wp-json\/wp\/v2\/pages\/7\/revisions"}],"predecessor-version":[{"id":3203,"href":"https:\/\/argesaglik.com.tr\/en\/wp-json\/wp\/v2\/pages\/7\/revisions\/3203"}],"wp:attachment":[{"href":"https:\/\/argesaglik.com.tr\/en\/wp-json\/wp\/v2\/media?parent=7"}],"curies":[{"name":"wp","href":"https:\/\/api.w.org\/{rel}","templated":true}]}}