{"id":3069,"date":"2023-12-07T17:35:53","date_gmt":"2023-12-07T17:35:53","guid":{"rendered":"https:\/\/argesaglik.com.tr\/?page_id=3069"},"modified":"2023-12-12T08:20:18","modified_gmt":"2023-12-12T08:20:18","slug":"beyin-ve-sinir-cerrahisi","status":"publish","type":"page","link":"https:\/\/argesaglik.com.tr\/en\/urun-gruplarimiz\/beyin-ve-sinir-cerrahisi\/","title":{"rendered":"Beyin ve Sinir Cerrahisi"},"content":{"rendered":"<h1>\n\t\t\t\tBeyin ve Sinir Cerrahisi\n\t\t\t<\/h1>\n\t<div class=\"ast-breadcrumbs-wrapper\">\n\t\t\t<div class=\"ast-breadcrumbs-inner\"><nav role=\"navigation\" aria-label=\"Breadcrumbs\" class=\"breadcrumb-trail breadcrumbs\" ><div class=\"ast-breadcrumbs\"><ul class=\"trail-items\" ><li  class=\"trail-item trail-end\"><span><a href=\"https:\/\/argesaglik.com.tr\/en\/\" rel=\"home\"><span >Home<\/span><\/a><\/span><\/li><\/ul><\/div><\/nav><\/div>\n\t\t<\/div>\n\t<h2><strong>G\u00dcNCELLENECEKT\u0130R.<\/strong><\/h2>\n\t\t\t\t<img loading=\"lazy\" decoding=\"async\" src=\"https:\/\/argesaglik.com.tr\/wp-content\/uploads\/2023\/12\/logo.webp\" alt=\"logo\" itemprop=\"image\" height=\"115\" width=\"600\" title=\"logo\" onerror=\"this.style.display='none'\"  \/>\n<h2>\n\t\tQuick Menu\n\t<\/h2>\n\t\t\t\t\t<ul id=\"menu-footer-hizli-menu\"><li id=\"menu-item-1069\"><a href=\"https:\/\/argesaglik.com.tr\/en\/\">Home<\/a><\/li>\n<li id=\"menu-item-1919\"><a href=\"https:\/\/argesaglik.com.tr\/en\/hakkimizda\/\">About Us<\/a><\/li>\n<li id=\"menu-item-2838\"><a href=\"https:\/\/argesaglik.com.tr\/en\/urun-gruplarimiz\/\">Product Groups<\/a><\/li>\n<li id=\"menu-item-1070\"><a href=\"https:\/\/argesaglik.com.tr\/en\/iletisim\/\">Contact<\/a><\/li>\n<li id=\"menu-item-2839\"><a href=\"https:\/\/argesaglik.com.tr\/en\/e-katalog\/\">E-Catalog<\/a><\/li>\n<\/ul>\t\n\t<h2>\n\t\tProducts\n\t<\/h2>\n\t\t\t\t\t<ul id=\"menu-urunler-menusu\"><li id=\"menu-item-3103\"><a href=\"https:\/\/argesaglik.com.tr\/en\/urun-gruplarimiz\/beyin-ve-sinir-cerrahisi\/\">Beyin ve Sinir Cerrahisi<\/a><\/li>\n<li id=\"menu-item-3102\"><a href=\"https:\/\/argesaglik.com.tr\/en\/urun-gruplarimiz\/transpedikuler-fiskasyon-sistem\/\">Transpedik\u00fcler Fiskasyon Sistem<\/a><\/li>\n<li id=\"menu-item-3101\"><a href=\"https:\/\/argesaglik.com.tr\/en\/urun-gruplarimiz\/kafes-cage-sistem\/\">Kafes Cage Sistem<\/a><\/li>\n<li id=\"menu-item-3100\"><a href=\"https:\/\/argesaglik.com.tr\/en\/urun-gruplarimiz\/uroloji\/\">\u00dcroloji<\/a><\/li>\n<li id=\"menu-item-3099\"><a href=\"https:\/\/argesaglik.com.tr\/en\/urun-gruplarimiz\/yogun-bakim\/\">Yo\u011fun Bak\u0131m<\/a><\/li>\n<\/ul>\t\n\t<h2>\n\t\tSosyal Medya\n\t<\/h2>","protected":false},"excerpt":{"rendered":"<p>G\u00dcNCELLENECEKT\u0130R. H\u0131zl\u0131 Men\u00fc Anasayfa Hakk\u0131m\u0131zda &hellip;<\/p>\n<p class=\"read-more\"> <a class=\"\" href=\"https:\/\/argesaglik.com.tr\/en\/urun-gruplarimiz\/beyin-ve-sinir-cerrahisi\/\"> <span class=\"screen-reader-text\">Beyin ve Sinir Cerrahisi<\/span> Read More \u00bb<\/a><\/p>","protected":false},"author":3,"featured_media":0,"parent":2667,"menu_order":0,"comment_status":"closed","ping_status":"closed","template":"","meta":{"_uag_custom_page_level_css":"","site-sidebar-layout":"no-sidebar","site-content-layout":"page-builder","ast-site-content-layout":"","site-content-style":"default","site-sidebar-style":"default","ast-global-header-display":"","ast-banner-title-visibility":"","ast-main-header-display":"","ast-hfb-above-header-display":"","ast-hfb-below-header-display":"","ast-hfb-mobile-header-display":"","site-post-title":"disabled","ast-breadcrumbs-content":"","ast-featured-img":"disabled","footer-sml-layout":"","theme-transparent-header-meta":"","adv-header-id-meta":"","stick-header-meta":"","header-above-stick-meta":"","header-main-stick-meta":"","header-below-stick-meta":"","astra-migrate-meta-layouts":"","footnotes":""},"class_list":["post-3069","page","type-page","status-publish","hentry"],"uagb_featured_image_src":{"full":false,"thumbnail":false,"medium":false,"medium_large":false,"large":false,"1536x1536":false,"2048x2048":false,"trp-custom-language-flag":false},"uagb_author_info":{"display_name":"Ali BARDIZ","author_link":"https:\/\/argesaglik.com.tr\/en\/author\/ali\/"},"uagb_comment_info":0,"uagb_excerpt":"G\u00dcNCELLENECEKT\u0130R. H\u0131zl\u0131 Men\u00fc Anasayfa Hakk\u0131m\u0131zda &hellip; Beyin ve Sinir Cerrahisi Read More \u00bb","_links":{"self":[{"href":"https:\/\/argesaglik.com.tr\/en\/wp-json\/wp\/v2\/pages\/3069","targetHints":{"allow":["GET"]}}],"collection":[{"href":"https:\/\/argesaglik.com.tr\/en\/wp-json\/wp\/v2\/pages"}],"about":[{"href":"https:\/\/argesaglik.com.tr\/en\/wp-json\/wp\/v2\/types\/page"}],"author":[{"embeddable":true,"href":"https:\/\/argesaglik.com.tr\/en\/wp-json\/wp\/v2\/users\/3"}],"replies":[{"embeddable":true,"href":"https:\/\/argesaglik.com.tr\/en\/wp-json\/wp\/v2\/comments?post=3069"}],"version-history":[{"count":1,"href":"https:\/\/argesaglik.com.tr\/en\/wp-json\/wp\/v2\/pages\/3069\/revisions"}],"predecessor-version":[{"id":3250,"href":"https:\/\/argesaglik.com.tr\/en\/wp-json\/wp\/v2\/pages\/3069\/revisions\/3250"}],"up":[{"embeddable":true,"href":"https:\/\/argesaglik.com.tr\/en\/wp-json\/wp\/v2\/pages\/2667"}],"wp:attachment":[{"href":"https:\/\/argesaglik.com.tr\/en\/wp-json\/wp\/v2\/media?parent=3069"}],"curies":[{"name":"wp","href":"https:\/\/api.w.org\/{rel}","templated":true}]}}