{"id":3043,"date":"2023-12-07T08:02:45","date_gmt":"2023-12-07T08:02:45","guid":{"rendered":"https:\/\/argesaglik.com.tr\/?page_id=3043"},"modified":"2023-12-07T16:51:22","modified_gmt":"2023-12-07T16:51:22","slug":"degerlerimiz","status":"publish","type":"page","link":"https:\/\/argesaglik.com.tr\/en\/degerlerimiz\/","title":{"rendered":"De\u011ferlerimiz"},"content":{"rendered":"<h1>\n\t\t\t\tDe\u011ferlerimiz\n\t\t\t<\/h1>\n\t<div class=\"ast-breadcrumbs-wrapper\">\n\t\t\t<div class=\"ast-breadcrumbs-inner\"><nav role=\"navigation\" aria-label=\"Breadcrumbs\" class=\"breadcrumb-trail breadcrumbs\" ><div class=\"ast-breadcrumbs\"><ul class=\"trail-items\" ><li  class=\"trail-item trail-end\"><span><a href=\"https:\/\/argesaglik.com.tr\/en\/\" rel=\"home\"><span >Home<\/span><\/a><\/span><\/li><\/ul><\/div><\/nav><\/div>\n\t\t<\/div>\n\t<p><strong>Sa\u011fl\u0131kta Kalite ve G\u00fcvenin \u0130n\u015fas\u0131<\/strong><\/p>\n<p>Sa\u011fl\u0131k sekt\u00f6r\u00fcn\u00fcn \u00f6nc\u00fc firmalar\u0131ndan biri olan ARGE Sa\u011fl\u0131k \u00dcr\u00fcnleri G\u0131da \u0130n\u015faat Temizlik \u0130\u00e7 ve D\u0131\u015f Ticaret Limited \u015eirketi, temel i\u015f ilkesini, y\u00fcksek medikal teknolojileri, kaliteli hizmet ve teknik destekle birle\u015ftirerek, reg\u00fclasyonlar \u00e7er\u00e7evesinde \u00fclke genelinde ya\u015fam s\u00fcresini ve kalitesini art\u0131rmak olarak belirlemi\u015ftir. Bu ilkenin etraf\u0131nda \u015fekillenen de\u011ferlerimiz, \u015firketimizin temel ta\u015flar\u0131ndan biridir ve sundu\u011fumuz \u00fcr\u00fcn ve hizmetlerde ortaya \u00e7\u0131kan kalite ve g\u00fcvenin teminat\u0131d\u0131r.<\/p>\n<p><strong>1. M\u00fc\u015fteri Memnuniyeti<\/strong><\/p>\n<p>De\u011ferlerimizin en \u00f6nemlilerinden biri, m\u00fc\u015fteri memnuniyetine verdi\u011fimiz \u00f6nemdir. M\u00fc\u015fterilerimizin beklentilerini a\u015fmak ve onlara en iyi hizmeti sunmak, \u015firketimizin \u00f6ncelikli hedeflerindendir. ARGE Sa\u011fl\u0131k olarak, m\u00fc\u015fteri memnuniyetini sadece bir hedef de\u011fil, bir ya\u015fam tarz\u0131 olarak benimsemi\u015f bulunmaktay\u0131z. M\u00fc\u015fterilerimize sa\u011fl\u0131k sekt\u00f6r\u00fcndeki en yeni ve etkili \u00e7\u00f6z\u00fcmleri sunarak, onlar\u0131n g\u00fcvenini kazanmak, de\u011ferlerimizin temelini olu\u015fturan bir ilkedir.<\/p>\n<p><strong>2. Kalite ve G\u00fcven<\/strong><\/p>\n<p>Kalite ve g\u00fcven, ARGE Sa\u011fl\u0131k&#8217;\u0131n temel de\u011ferlerindendir. Sa\u011fl\u0131k sekt\u00f6r\u00fcnde faaliyet g\u00f6steren bir firma olarak, sundu\u011fumuz \u00fcr\u00fcnlerin ve hizmetlerin en \u00fcst d\u00fczeyde kalite standartlar\u0131na uygun olmas\u0131, bizim i\u00e7in vazge\u00e7ilmez bir prensiptir. Bu do\u011frultuda, reg\u00fclasyonlara tam uyumluluk ve etik standartlara s\u0131k\u0131 bir ba\u011fl\u0131l\u0131kla hareket ederek, kalite ve g\u00fcvenin \u00f6nc\u00fcs\u00fc olmay\u0131 s\u00fcrd\u00fcr\u00fcyoruz.<\/p>\n<p><strong>3. \u0130novasyon ve Teknoloji<\/strong><\/p>\n<p>ARGE Sa\u011fl\u0131k olarak, s\u00fcrekli iyile\u015fme prensibini benimseyerek, sekt\u00f6rdeki en son teknolojik geli\u015fmeleri takip etme ve bunlar\u0131 m\u00fc\u015fterilerimize sunma konusundaki kararl\u0131l\u0131\u011f\u0131m\u0131z\u0131 koruyoruz. \u0130novasyon, \u015firketimizin DNA&#8217;s\u0131nda yer almakta olup, sa\u011fl\u0131k sekt\u00f6r\u00fcndeki ihtiya\u00e7lar\u0131 kar\u015f\u0131lamak i\u00e7in yarat\u0131c\u0131 \u00e7\u00f6z\u00fcmler \u00fcretme amac\u0131m\u0131z\u0131n bir yans\u0131mas\u0131d\u0131r.<\/p>\n<p><strong>4. Uzmanl\u0131k ve Profesyonellik<\/strong><\/p>\n<p>ARGE Sa\u011fl\u0131k olarak, sekt\u00f6rdeki uzmanl\u0131k ve profesyonellik standartlar\u0131n\u0131 y\u00fcksek tutmay\u0131 ilke edinmi\u015f bulunmaktay\u0131z. Beyin cerrahisi, \u00fcroloji, yo\u011fun bak\u0131m, TPN ve Kemoterapi, Algoloji, Ameliyathane Ekipmanlar\u0131 gibi kritik alanlarda uzman kadromuz, sa\u011fl\u0131k profesyonellerine y\u00f6nelik sundu\u011fumuz \u00e7\u00f6z\u00fcmlerde en \u00fcst d\u00fczeyde uzmanl\u0131k ve profesyonellik garantisi sunmaktad\u0131r.<\/p>\n<p><strong>5. Sosyal Sorumluluk<\/strong><\/p>\n<p>ARGE Sa\u011fl\u0131k olarak, sadece ticari bir kurulu\u015f olman\u0131n \u00f6tesinde, topluma kar\u015f\u0131 sorumluluklar\u0131m\u0131z\u0131n bilincindeyiz. Sosyal sorumluluk projeleriyle toplumumuza katk\u0131da bulunarak, sa\u011fl\u0131\u011f\u0131n herkes i\u00e7in eri\u015filebilir ve s\u00fcrd\u00fcr\u00fclebilir olmas\u0131na katk\u0131 sa\u011flamay\u0131 ama\u00e7l\u0131yoruz.<\/p>\n\t\t\t\t<img loading=\"lazy\" decoding=\"async\" src=\"https:\/\/argesaglik.com.tr\/wp-content\/uploads\/2023\/12\/logo.webp\" alt=\"logo\" itemprop=\"image\" height=\"115\" width=\"600\" title=\"logo\" onerror=\"this.style.display='none'\"  \/>\n<h2>\n\t\tQuick Menu\n\t<\/h2>\n\t\t\t\t\t<ul id=\"menu-footer-hizli-menu\"><li id=\"menu-item-1069\"><a href=\"https:\/\/argesaglik.com.tr\/en\/\">Home<\/a><\/li>\n<li id=\"menu-item-1919\"><a href=\"https:\/\/argesaglik.com.tr\/en\/hakkimizda\/\">About Us<\/a><\/li>\n<li id=\"menu-item-2838\"><a href=\"https:\/\/argesaglik.com.tr\/en\/urun-gruplarimiz\/\">Product Groups<\/a><\/li>\n<li id=\"menu-item-1070\"><a href=\"https:\/\/argesaglik.com.tr\/en\/iletisim\/\">Contact<\/a><\/li>\n<li id=\"menu-item-2839\"><a href=\"https:\/\/argesaglik.com.tr\/en\/e-katalog\/\">E-Catalog<\/a><\/li>\n<\/ul>\t\n\t<h2>\n\t\tProducts\n\t<\/h2>\n\t\t\t\t\t<ul id=\"menu-footer-hizli-menu-1\"><li id=\"menu-item-1069\"><a href=\"https:\/\/argesaglik.com.tr\/en\/\">Home<\/a><\/li>\n<li id=\"menu-item-1919\"><a href=\"https:\/\/argesaglik.com.tr\/en\/hakkimizda\/\">About Us<\/a><\/li>\n<li id=\"menu-item-2838\"><a href=\"https:\/\/argesaglik.com.tr\/en\/urun-gruplarimiz\/\">Product Groups<\/a><\/li>\n<li id=\"menu-item-1070\"><a href=\"https:\/\/argesaglik.com.tr\/en\/iletisim\/\">Contact<\/a><\/li>\n<li id=\"menu-item-2839\"><a href=\"https:\/\/argesaglik.com.tr\/en\/e-katalog\/\">E-Catalog<\/a><\/li>\n<\/ul>\t\n\t<h2>\n\t\tSosyal Medya\n\t<\/h2>","protected":false},"excerpt":{"rendered":"<p>Sa\u011fl\u0131kta Kalite ve G\u00fcvenin \u0130n\u015fas\u0131 &hellip;<\/p>\n<p class=\"read-more\"> <a class=\"\" href=\"https:\/\/argesaglik.com.tr\/en\/degerlerimiz\/\"> <span class=\"screen-reader-text\">De\u011ferlerimiz<\/span> Read More \u00bb<\/a><\/p>","protected":false},"author":3,"featured_media":0,"parent":0,"menu_order":0,"comment_status":"closed","ping_status":"closed","template":"","meta":{"_uag_custom_page_level_css":"","site-sidebar-layout":"no-sidebar","site-content-layout":"page-builder","ast-site-content-layout":"","site-content-style":"default","site-sidebar-style":"default","ast-global-header-display":"","ast-banner-title-visibility":"","ast-main-header-display":"","ast-hfb-above-header-display":"","ast-hfb-below-header-display":"","ast-hfb-mobile-header-display":"","site-post-title":"disabled","ast-breadcrumbs-content":"","ast-featured-img":"disabled","footer-sml-layout":"","theme-transparent-header-meta":"","adv-header-id-meta":"","stick-header-meta":"","header-above-stick-meta":"","header-main-stick-meta":"","header-below-stick-meta":"","astra-migrate-meta-layouts":"","footnotes":""},"class_list":["post-3043","page","type-page","status-publish","hentry"],"uagb_featured_image_src":{"full":false,"thumbnail":false,"medium":false,"medium_large":false,"large":false,"1536x1536":false,"2048x2048":false,"trp-custom-language-flag":false},"uagb_author_info":{"display_name":"Ali BARDIZ","author_link":"https:\/\/argesaglik.com.tr\/en\/author\/ali\/"},"uagb_comment_info":0,"uagb_excerpt":"Sa\u011fl\u0131kta Kalite ve G\u00fcvenin \u0130n\u015fas\u0131 &hellip; De\u011ferlerimiz Read More \u00bb","_links":{"self":[{"href":"https:\/\/argesaglik.com.tr\/en\/wp-json\/wp\/v2\/pages\/3043","targetHints":{"allow":["GET"]}}],"collection":[{"href":"https:\/\/argesaglik.com.tr\/en\/wp-json\/wp\/v2\/pages"}],"about":[{"href":"https:\/\/argesaglik.com.tr\/en\/wp-json\/wp\/v2\/types\/page"}],"author":[{"embeddable":true,"href":"https:\/\/argesaglik.com.tr\/en\/wp-json\/wp\/v2\/users\/3"}],"replies":[{"embeddable":true,"href":"https:\/\/argesaglik.com.tr\/en\/wp-json\/wp\/v2\/comments?post=3043"}],"version-history":[{"count":3,"href":"https:\/\/argesaglik.com.tr\/en\/wp-json\/wp\/v2\/pages\/3043\/revisions"}],"predecessor-version":[{"id":3064,"href":"https:\/\/argesaglik.com.tr\/en\/wp-json\/wp\/v2\/pages\/3043\/revisions\/3064"}],"wp:attachment":[{"href":"https:\/\/argesaglik.com.tr\/en\/wp-json\/wp\/v2\/media?parent=3043"}],"curies":[{"name":"wp","href":"https:\/\/api.w.org\/{rel}","templated":true}]}}