{"id":1766,"date":"2023-09-07T08:58:04","date_gmt":"2023-09-07T08:58:04","guid":{"rendered":"https:\/\/argesaglik.com.tr\/?page_id=1766"},"modified":"2023-12-11T08:54:32","modified_gmt":"2023-12-11T08:54:32","slug":"hakkimizda","status":"publish","type":"page","link":"https:\/\/argesaglik.com.tr\/en\/hakkimizda\/","title":{"rendered":"About Us"},"content":{"rendered":"<h1>\n\t\t\t\tAbout Us\n\t\t\t<\/h1>\n\t<div class=\"ast-breadcrumbs-wrapper\">\n\t\t\t<div class=\"ast-breadcrumbs-inner\"><nav role=\"navigation\" aria-label=\"Breadcrumbs\" class=\"breadcrumb-trail breadcrumbs\" ><div class=\"ast-breadcrumbs\"><ul class=\"trail-items\" ><li  class=\"trail-item trail-end\"><span><a href=\"https:\/\/argesaglik.com.tr\/en\/\" rel=\"home\"><span >Home<\/span><\/a><\/span><\/li><\/ul><\/div><\/nav><\/div>\n\t\t<\/div>\n\t<p><strong>ARGE Sa\u011fl\u0131k \u00dcr\u00fcnleri G\u0131da \u0130n\u015faat Temizlik \u0130\u00e7 ve D\u0131\u015f Ticaret Limited \u015eirketi<\/strong>, 2013 y\u0131l\u0131nda kurulan bir \u015firket olup, sa\u011fl\u0131k sekt\u00f6r\u00fcnde \u00e7e\u015fitli uzmanl\u0131k alanlar\u0131nda faaliyet g\u00f6stermektedir. Kurulu\u015fundan bu yana firma, sa\u011fl\u0131k sekt\u00f6r\u00fcn\u00fcn kilit alanlar\u0131ndan biri olan beyin cerrahisi, \u00fcroloji, yo\u011fun bak\u0131m, TPN ve Kemoterapi, Algoloji, Ameliyathane Ekipmanlar\u0131 gibi \u00f6nemli disiplinlerde hastanelere y\u00f6nelik \u00e7e\u015fitli t\u0131bbi sarf malzemeleri ve cihaz gruplar\u0131 tedarik etmektedir.<\/p>\n<p><strong>\u015eirketin temel amac\u0131<\/strong>, sa\u011fl\u0131k sekt\u00f6r\u00fcndeki yenilikleri ve teknolojik geli\u015fmeleri yak\u0131ndan takip ederek, hastanelere en kaliteli \u00fcr\u00fcnleri sunmak ve bu alanda ihtiya\u00e7 duyulan \u00e7\u00f6z\u00fcmleri sa\u011flamakt\u0131r. ARGE Sa\u011fl\u0131k, m\u00fc\u015fteri memnuniyetini \u00f6n planda tutarak, sekt\u00f6re de\u011fer katmay\u0131 hedeflemekte ve s\u00fcrekli <strong>iyile\u015fme<\/strong> prensibiyle faaliyet g\u00f6stermektedir.<\/p>\n<p>Beyin cerrahisi alan\u0131nda, \u015firketin uzmanla\u015ft\u0131\u011f\u0131 bir di\u011fer \u00f6nemli disiplin, hassas ve karma\u015f\u0131k cerrahi i\u015flemleri i\u00e7ermektedir. Bu alandaki geli\u015fmeleri yak\u0131ndan takip eden <strong>ARGE Sa\u011fl\u0131k<\/strong>, modern cerrahi teknikleri i\u00e7in \u00f6zel olarak tasarlanm\u0131\u015f ekipmanlar\u0131 hastanelere sa\u011flayarak cerrahi m\u00fcdahalelerin etkinli\u011fini art\u0131rmay\u0131 ama\u00e7lamaktad\u0131r.<\/p>\n<p>\u00dcroloji, yo\u011fun bak\u0131m ve TPN gibi kritik alanlarda da <strong>ARGE Sa\u011fl\u0131k<\/strong>, uzmanla\u015fm\u0131\u015f \u00fcr\u00fcn ve hizmet portf\u00f6y\u00fc ile sa\u011fl\u0131k kurulu\u015flar\u0131na destek vermektedir. Bu kapsamda, hastanelere \u00f6zel tasarlanm\u0131\u015f ve y\u00fcksek kalite standartlar\u0131na uygun \u00fcr\u00fcnler temin edilerek, hasta bak\u0131m\u0131n\u0131n en \u00fcst d\u00fczeyde ger\u00e7ekle\u015ftirilmesine katk\u0131da bulunulmaktad\u0131r.<\/p>\n<p>Kemoterapi ve Algoloji alan\u0131ndaki yenilikleri de yak\u0131ndan takip eden \u015firket, bu alanlarda kullan\u0131lan \u00f6zel cihazlar ve sarf malzemeler konusunda geni\u015f bir \u00fcr\u00fcn yelpazesi sunmaktad\u0131r. Bu sayede, kanser tedavisi ve a\u011fr\u0131 y\u00f6netimi gibi \u00f6nemli sa\u011fl\u0131k konular\u0131nda hastanelere etkili \u00e7\u00f6z\u00fcmler sunularak, tedavi s\u00fcre\u00e7lerine katk\u0131da bulunulmaktad\u0131r.<\/p>\n\t\t\t\t<img loading=\"lazy\" decoding=\"async\" src=\"https:\/\/argesaglik.com.tr\/wp-content\/uploads\/2023\/12\/logo.webp\" alt=\"logo\" itemprop=\"image\" height=\"115\" width=\"600\" title=\"logo\" onerror=\"this.style.display='none'\"  \/>\n<h2>\n\t\tQuick Menu\n\t<\/h2>\n\t\t\t\t\t<ul id=\"menu-footer-hizli-menu\"><li id=\"menu-item-1069\"><a href=\"https:\/\/argesaglik.com.tr\/en\/\">Home<\/a><\/li>\n<li id=\"menu-item-1919\"><a href=\"https:\/\/argesaglik.com.tr\/en\/hakkimizda\/\">About Us<\/a><\/li>\n<li id=\"menu-item-2838\"><a href=\"https:\/\/argesaglik.com.tr\/en\/urun-gruplarimiz\/\">Product Groups<\/a><\/li>\n<li id=\"menu-item-1070\"><a href=\"https:\/\/argesaglik.com.tr\/en\/iletisim\/\">Contact<\/a><\/li>\n<li id=\"menu-item-2839\"><a href=\"https:\/\/argesaglik.com.tr\/en\/e-katalog\/\">E-Catalog<\/a><\/li>\n<\/ul>\t\n\t<h2>\n\t\tProducts\n\t<\/h2>\n\t\t\t\t\t<ul id=\"menu-urunler-menusu\"><li id=\"menu-item-3103\"><a href=\"https:\/\/argesaglik.com.tr\/en\/urun-gruplarimiz\/beyin-ve-sinir-cerrahisi\/\">Beyin ve Sinir Cerrahisi<\/a><\/li>\n<li id=\"menu-item-3102\"><a href=\"https:\/\/argesaglik.com.tr\/en\/urun-gruplarimiz\/transpedikuler-fiskasyon-sistem\/\">Transpedik\u00fcler Fiskasyon Sistem<\/a><\/li>\n<li id=\"menu-item-3101\"><a href=\"https:\/\/argesaglik.com.tr\/en\/urun-gruplarimiz\/kafes-cage-sistem\/\">Kafes Cage Sistem<\/a><\/li>\n<li id=\"menu-item-3100\"><a href=\"https:\/\/argesaglik.com.tr\/en\/urun-gruplarimiz\/uroloji\/\">\u00dcroloji<\/a><\/li>\n<li id=\"menu-item-3099\"><a href=\"https:\/\/argesaglik.com.tr\/en\/urun-gruplarimiz\/yogun-bakim\/\">Yo\u011fun Bak\u0131m<\/a><\/li>\n<\/ul>\t\n\t<h2>\n\t\tSosyal Medya\n\t<\/h2>","protected":false},"excerpt":{"rendered":"<p>ARGE Sa\u011fl\u0131k \u00dcr\u00fcnleri G\u0131da \u0130n\u015faat &hellip;<\/p>\n<p class=\"read-more\"> <a class=\"\" href=\"https:\/\/argesaglik.com.tr\/en\/hakkimizda\/\"> <span class=\"screen-reader-text\">About Us<\/span> Read More \u00bb<\/a><\/p>","protected":false},"author":3,"featured_media":0,"parent":0,"menu_order":0,"comment_status":"closed","ping_status":"closed","template":"","meta":{"_uag_custom_page_level_css":"","site-sidebar-layout":"no-sidebar","site-content-layout":"page-builder","ast-site-content-layout":"","site-content-style":"default","site-sidebar-style":"default","ast-global-header-display":"","ast-banner-title-visibility":"","ast-main-header-display":"","ast-hfb-above-header-display":"","ast-hfb-below-header-display":"","ast-hfb-mobile-header-display":"","site-post-title":"disabled","ast-breadcrumbs-content":"","ast-featured-img":"disabled","footer-sml-layout":"","theme-transparent-header-meta":"","adv-header-id-meta":"","stick-header-meta":"","header-above-stick-meta":"","header-main-stick-meta":"","header-below-stick-meta":"","astra-migrate-meta-layouts":"","footnotes":""},"class_list":["post-1766","page","type-page","status-publish","hentry"],"uagb_featured_image_src":{"full":false,"thumbnail":false,"medium":false,"medium_large":false,"large":false,"1536x1536":false,"2048x2048":false,"trp-custom-language-flag":false},"uagb_author_info":{"display_name":"Ali BARDIZ","author_link":"https:\/\/argesaglik.com.tr\/en\/author\/ali\/"},"uagb_comment_info":0,"uagb_excerpt":"ARGE Sa\u011fl\u0131k \u00dcr\u00fcnleri G\u0131da \u0130n\u015faat &hellip; Hakk\u0131m\u0131zda Read More \u00bb","_links":{"self":[{"href":"https:\/\/argesaglik.com.tr\/en\/wp-json\/wp\/v2\/pages\/1766","targetHints":{"allow":["GET"]}}],"collection":[{"href":"https:\/\/argesaglik.com.tr\/en\/wp-json\/wp\/v2\/pages"}],"about":[{"href":"https:\/\/argesaglik.com.tr\/en\/wp-json\/wp\/v2\/types\/page"}],"author":[{"embeddable":true,"href":"https:\/\/argesaglik.com.tr\/en\/wp-json\/wp\/v2\/users\/3"}],"replies":[{"embeddable":true,"href":"https:\/\/argesaglik.com.tr\/en\/wp-json\/wp\/v2\/comments?post=1766"}],"version-history":[{"count":3,"href":"https:\/\/argesaglik.com.tr\/en\/wp-json\/wp\/v2\/pages\/1766\/revisions"}],"predecessor-version":[{"id":3109,"href":"https:\/\/argesaglik.com.tr\/en\/wp-json\/wp\/v2\/pages\/1766\/revisions\/3109"}],"wp:attachment":[{"href":"https:\/\/argesaglik.com.tr\/en\/wp-json\/wp\/v2\/media?parent=1766"}],"curies":[{"name":"wp","href":"https:\/\/api.w.org\/{rel}","templated":true}]}}